{"id":148,"date":"2026-02-13T06:15:31","date_gmt":"2026-02-13T06:15:31","guid":{"rendered":"https:\/\/boroomimmobilier.com\/a-propos\/"},"modified":"2026-02-13T07:10:17","modified_gmt":"2026-02-13T07:10:17","slug":"a-propos","status":"publish","type":"page","link":"https:\/\/boroomimmobilier.com\/fr\/a-propos\/","title":{"rendered":"\u00c0 propos"},"content":{"rendered":"<p>[et_pb_section fb_built=\u00a0\u00bb1&Prime; admin_label=\u00a0\u00bbHeader\u00a0\u00bb _builder_version=\u00a0\u00bb4.25.2&Prime; _module_preset=\u00a0\u00bbdefault\u00a0\u00bb background_enable_color=\u00a0\u00bboff\u00a0\u00bb custom_padding=\u00a0\u00bb||2px|||\u00a0\u00bb locked=\u00a0\u00bboff\u00a0\u00bb global_colors_info=\u00a0\u00bb{%22gcid-b6c4f12c-f25d-4f61-9fb1-6e96404634cd%22:%91%22background_color%22%93}\u00a0\u00bb][et_pb_row _builder_version=\u00a0\u00bb4.25.2&Prime; _module_preset=\u00a0\u00bb58b717ed-c4b0-469f-9e35-dcc404f8e6f3&Prime; global_colors_info=\u00a0\u00bb{}\u00a0\u00bb][et_pb_column type=\u00a0\u00bb4_4&Prime; _builder_version=\u00a0\u00bb4.25.2&Prime; _module_preset=\u00a0\u00bbdefault\u00a0\u00bb global_colors_info=\u00a0\u00bb{}\u00a0\u00bb][et_pb_heading title=\u00a0\u00bbB\u00f4room Immobilier  \u00a0\u00bb _builder_version=\u00a0\u00bb4.27.5&Prime; _module_preset=\u00a0\u00bbb25af775-863a-4e72-845a-6a8db5c881d1&Prime; title_text_color=\u00a0\u00bbgcid-b70c6ec4-3d09-43b5-80df-154e6e990bf3&Prime; global_colors_info=\u00a0\u00bb{%22gcid-b70c6ec4-3d09-43b5-80df-154e6e990bf3%22:%91%22title_text_color%22%93}\u00a0\u00bb][\/et_pb_heading][et_pb_heading title=\u00a0\u00bb\u00c0 propos de B\u00f4room Immobilier \u00a0\u00bb _builder_version=\u00a0\u00bb4.27.5&Prime; _module_preset=\u00a0\u00bb2ca34bba-2db8-4837-969c-cc4e9ac4e6d8&Prime; custom_margin=\u00a0\u00bb||10px||false|false\u00a0\u00bb global_colors_info=\u00a0\u00bb{}\u00a0\u00bb][\/et_pb_heading][\/et_pb_column][\/et_pb_row][et_pb_row column_structure=\u00a0\u00bb3_5,2_5&Prime; _builder_version=\u00a0\u00bb4.25.2&Prime; _module_preset=\u00a0\u00bb58b717ed-c4b0-469f-9e35-dcc404f8e6f3&Prime; global_colors_info=\u00a0\u00bb{}\u00a0\u00bb][et_pb_column type=\u00a0\u00bb3_5&Prime; _builder_version=\u00a0\u00bb4.25.2&Prime; _module_preset=\u00a0\u00bbdefault\u00a0\u00bb global_colors_info=\u00a0\u00bb{}\u00a0\u00bb][et_pb_text _builder_version=\u00a0\u00bb4.27.5&Prime; _module_preset=\u00a0\u00bbc290b67f-e232-4d97-8ec2-e99a11ea4787&Prime; text_line_height=\u00a0\u00bb125%\u00a0\u00bb global_colors_info=\u00a0\u00bb{}\u00a0\u00bb]<\/p>\n<p>Posez-vous la question suivante : souhaitez-vous acqu\u00e9rir un bien immobilier en France pour y r\u00e9sider ou pour le louer ? Cependant, disposez-vous des 4,7 mois (en moyenne) n\u00e9cessaires pour trouver un bien immobilier ? Vous vivez \u00e0 l&rsquo;\u00e9tranger ? Si oui, pourquoi ne pas appeler l&rsquo;\u00e9quipe de B\u00f4room Immobilier ? Nous sommes une \u00e9quipe exp\u00e9riment\u00e9e de chasseurs immobiliers. Nos clients sont les acheteurs.<\/p>\n<p>Notre sp\u00e9cialit\u00e9 ? En peu de temps, aidez les acheteurs \u00e0 trouver des biens immobiliers pr\u00e9sentant un potentiel de rentabilit\u00e9 important \u00e0 Paris, Bordeaux, Toulouse et dans leurs environs. Depuis 2015, nos biens immobiliers offrent un rendement locatif minimum de 7 % et une plus-value de 25 % \u00e0 la revente en tant que logements.<\/p>\n<p>Nos rendements constants sont rendus possibles gr\u00e2ce \u00e0 la s\u00e9lection rigoureuse de propri\u00e9t\u00e9s que d&rsquo;autres pourraient n\u00e9gliger parce qu&rsquo;elles n\u00e9cessitent des travaux, en fonction de leur emplacement et de l&rsquo;avis d&rsquo;experts en r\u00e9novation.<\/p>\n<p>L\u2019\u00e9quipe B\u00f4room Immobilier est heureuse de vous accompagner tout au long de ce parcours, notamment dans la recherche de financement, les aides \u00e0 la r\u00e9novation, l\u2019ameublement, les services de location et bien plus encore.<\/p>\n<p>[\/et_pb_text][\/et_pb_column][et_pb_column type=\u00a0\u00bb2_5&Prime; _builder_version=\u00a0\u00bb4.25.2&Prime; _module_preset=\u00a0\u00bbdefault\u00a0\u00bb global_colors_info=\u00a0\u00bb{}\u00a0\u00bb][et_pb_image src=\u00a0\u00bbhttps:\/\/boroomimmobilier.com\/wp-content\/uploads\/2026\/01\/real-estate-07.jpg\u00a0\u00bb title_text=\u00a0\u00bbreal-estate-07&Prime; _builder_version=\u00a0\u00bb4.27.5&Prime; _module_preset=\u00a0\u00bbdefault\u00a0\u00bb global_colors_info=\u00a0\u00bb{}\u00a0\u00bb][\/et_pb_image][\/et_pb_column][\/et_pb_row][\/et_pb_section][et_pb_section fb_built=\u00a0\u00bb1&Prime; admin_label=\u00a0\u00bbStats\u00a0\u00bb _builder_version=\u00a0\u00bb4.25.2&Prime; _module_preset=\u00a0\u00bbdefault\u00a0\u00bb background_enable_color=\u00a0\u00bboff\u00a0\u00bb locked=\u00a0\u00bboff\u00a0\u00bb global_colors_info=\u00a0\u00bb{%22gcid-b6c4f12c-f25d-4f61-9fb1-6e96404634cd%22:%91%22background_color%22%93}\u00a0\u00bb][et_pb_row _builder_version=\u00a0\u00bb4.25.2&Prime; _module_preset=\u00a0\u00bb58b717ed-c4b0-469f-9e35-dcc404f8e6f3&Prime; custom_padding=\u00a0\u00bb||0px|||\u00a0\u00bb global_colors_info=\u00a0\u00bb{}\u00a0\u00bb][et_pb_column type=\u00a0\u00bb4_4&Prime; _builder_version=\u00a0\u00bb4.25.2&Prime; _module_preset=\u00a0\u00bbdefault\u00a0\u00bb global_colors_info=\u00a0\u00bb{}\u00a0\u00bb][et_pb_heading title=\u00a0\u00bbCe que nous faisons\u00a0\u00bb _builder_version=\u00a0\u00bb4.27.5&Prime; _module_preset=\u00a0\u00bbb25af775-863a-4e72-845a-6a8db5c881d1&Prime; title_text_color=\u00a0\u00bbgcid-b70c6ec4-3d09-43b5-80df-154e6e990bf3&Prime; global_colors_info=\u00a0\u00bb{%22gcid-b70c6ec4-3d09-43b5-80df-154e6e990bf3%22:%91%22title_text_color%22%93}\u00a0\u00bb][\/et_pb_heading][et_pb_heading title=\u00a0\u00bbNous sommes une \u00e9quipe qui se consacre \u00e0 la r\u00e9alisation de vos r\u00eaves.\u00a0\u00bb _builder_version=\u00a0\u00bb4.25.2&Prime; _module_preset=\u00a0\u00bb76563e95-859c-4d61-ad90-d1b1fa0e0fb7&Prime; max_width=\u00a0\u00bb900px\u00a0\u00bb custom_margin=\u00a0\u00bb||10px||false|false\u00a0\u00bb global_colors_info=\u00a0\u00bb{}\u00a0\u00bb][\/et_pb_heading][\/et_pb_column][\/et_pb_row][et_pb_row column_structure=\u00a0\u00bb1_2,1_2&Prime; _builder_version=\u00a0\u00bb4.25.2&Prime; _module_preset=\u00a0\u00bb58b717ed-c4b0-469f-9e35-dcc404f8e6f3&Prime; global_colors_info=\u00a0\u00bb{}\u00a0\u00bb][et_pb_column type=\u00a0\u00bb1_2&Prime; _builder_version=\u00a0\u00bb4.25.2&Prime; _module_preset=\u00a0\u00bbdefault\u00a0\u00bb global_colors_info=\u00a0\u00bb{}\u00a0\u00bb][et_pb_text _builder_version=\u00a0\u00bb4.27.5&Prime; _module_preset=\u00a0\u00bbc290b67f-e232-4d97-8ec2-e99a11ea4787&Prime; text_line_height=\u00a0\u00bb125%\u00a0\u00bb custom_margin=\u00a0\u00bb||||false|false\u00a0\u00bb global_colors_info=\u00a0\u00bb{}\u00a0\u00bb]<\/p>\n<ul>\n<li>Nous sommes engag\u00e9s.<\/li>\n<li>Nous vous aidons au-del\u00e0 de vos attentes&#8230; en fonction de vos besoins.<\/li>\n<li>Nous sommes efficaces&#8230; votre bien immobilier est g\u00e9n\u00e9ralement trouv\u00e9 dans un d\u00e9lai de 2 mois.<\/li>\n<li>Nous pr\u00e9servons vos int\u00e9r\u00eats&#8230; en n\u00e9gociant le prix chaque fois que cela est possible afin de maximiser votre profit.<\/li>\n<li>Nous \u00e9tablissons une relation de confiance&#8230; transparence, confidentialit\u00e9 et discr\u00e9tion tout au long de notre mission.<\/li>\n<\/ul>\n<p>[\/et_pb_text][\/et_pb_column][et_pb_column type=\u00a0\u00bb1_2&Prime; _builder_version=\u00a0\u00bb4.25.2&Prime; _module_preset=\u00a0\u00bbdefault\u00a0\u00bb global_colors_info=\u00a0\u00bb{}\u00a0\u00bb][et_pb_number_counter title=\u00a0\u00bbClients satisfaits\u00a0\u00bb number=\u00a0\u00bb100+\u00a0\u00bb _builder_version=\u00a0\u00bb4.27.5&Prime; _module_preset=\u00a0\u00bbf52aadef-0623-4ddd-b2d2-6ef750c8d9ca\u00a0\u00bb border_color_top=\u00a0\u00bbgcid-2bb820f4-8993-4899-8850-c73e9c1e988e\u00a0\u00bb locked=\u00a0\u00bboff\u00a0\u00bb global_colors_info=\u00a0\u00bb{%22gcid-2bb820f4-8993-4899-8850-c73e9c1e988e%22:%91%22border_color_top%22%93}\u00a0\u00bb][\/et_pb_number_counter][et_pb_number_counter title=\u00a0\u00bbVilles autour du monde\u00a0\u00bb number=\u00a0\u00bb5&Prime; _builder_version=\u00a0\u00bb4.27.5&Prime; _module_preset=\u00a0\u00bbf52aadef-0623-4ddd-b2d2-6ef750c8d9ca\u00a0\u00bb locked=\u00a0\u00bboff\u00a0\u00bb global_colors_info=\u00a0\u00bb{%22gcid-53054839-b83d-4ef0-8659-8a010e6148fd%22:%91%22title_text_color%22%93}\u00a0\u00bb][\/et_pb_number_counter][\/et_pb_column][\/et_pb_row][\/et_pb_section][et_pb_section fb_built=\u00a0\u00bb1&Prime; admin_label=\u00a0\u00bbCall To Action\u00a0\u00bb _builder_version=\u00a0\u00bb4.25.2&Prime; _module_preset=\u00a0\u00bbdefault\u00a0\u00bb background_color=\u00a0\u00bbgcid-b6c4f12c-f25d-4f61-9fb1-6e96404634cd\u00a0\u00bb locked=\u00a0\u00bboff\u00a0\u00bb global_colors_info=\u00a0\u00bb{%22gcid-b6c4f12c-f25d-4f61-9fb1-6e96404634cd%22:%91%22background_color%22%93}\u00a0\u00bb][et_pb_row _builder_version=\u00a0\u00bb4.25.2&Prime; _module_preset=\u00a0\u00bbdefault\u00a0\u00bb max_width=\u00a0\u00bb900px\u00a0\u00bb locked=\u00a0\u00bboff\u00a0\u00bb global_colors_info=\u00a0\u00bb{}\u00a0\u00bb][et_pb_column type=\u00a0\u00bb4_4&Prime; _builder_version=\u00a0\u00bb4.25.2&Prime; _module_preset=\u00a0\u00bbdefault\u00a0\u00bb global_colors_info=\u00a0\u00bb{}\u00a0\u00bb][et_pb_heading title=\u00a0\u00bbVous recherchez un chasseur immobilier ou un agent immobilier ?\u00a0\u00bb _builder_version=\u00a0\u00bb4.27.5&Prime; _module_preset=\u00a0\u00bbb25af775-863a-4e72-845a-6a8db5c881d1&Prime; title_text_align=\u00a0\u00bbcenter\u00a0\u00bb title_text_color=\u00a0\u00bbgcid-b70c6ec4-3d09-43b5-80df-154e6e990bf3&Prime; locked=\u00a0\u00bboff\u00a0\u00bb global_colors_info=\u00a0\u00bb{%22gcid-b70c6ec4-3d09-43b5-80df-154e6e990bf3%22:%91%22title_text_color%22%93}\u00a0\u00bb][\/et_pb_heading][et_pb_heading title=\u00a0\u00bbLaissez-nous nous occuper des d\u00e9tails afin que vous puissiez b\u00e2tir votre h\u00e9ritage.\u00a0\u00bb _builder_version=\u00a0\u00bb4.27.5&Prime; _module_preset=\u00a0\u00bb76563e95-859c-4d61-ad90-d1b1fa0e0fb7&Prime; title_text_align=\u00a0\u00bbcenter\u00a0\u00bb max_width=\u00a0\u00bb900px\u00a0\u00bb module_alignment=\u00a0\u00bbcenter\u00a0\u00bb locked=\u00a0\u00bboff\u00a0\u00bb global_colors_info=\u00a0\u00bb{}\u00a0\u00bb][\/et_pb_heading][et_pb_button button_text=\u00a0\u00bbContactez-nous\u00a0\u00bb _builder_version=\u00a0\u00bb4.27.5&Prime; _module_preset=\u00a0\u00bbdefault\u00a0\u00bb button_alignment=\u00a0\u00bbcenter\u00a0\u00bb custom_button=\u00a0\u00bbon\u00a0\u00bb button_text_color=\u00a0\u00bb#000000&Prime; button_border_color=\u00a0\u00bb#000000&Prime; hover_enabled=\u00a0\u00bb0&Prime; sticky_enabled=\u00a0\u00bb0&Prime; button_url=\u00a0\u00bbhttps:\/\/boroomimmobilier.com\/fr\/contact\/\u00a0\u00bb][\/et_pb_button][\/et_pb_column][\/et_pb_row][\/et_pb_section]<\/p>\n","protected":false},"excerpt":{"rendered":"<p>Posez-vous la question suivante : souhaitez-vous acqu\u00e9rir un bien immobilier en France pour y r\u00e9sider ou pour le louer ? Cependant, disposez-vous des 4,7 mois (en moyenne) n\u00e9cessaires pour trouver un bien immobilier ? Vous vivez \u00e0 l&rsquo;\u00e9tranger ? Si oui, pourquoi ne pas appeler l&rsquo;\u00e9quipe de B\u00f4room Immobilier ? Nous sommes une \u00e9quipe exp\u00e9riment\u00e9e [&hellip;]<\/p>\n","protected":false},"author":1,"featured_media":17,"parent":0,"menu_order":0,"comment_status":"closed","ping_status":"closed","template":"","meta":{"_et_pb_use_builder":"on","_et_pb_old_content":"","_et_gb_content_width":"","footnotes":""},"class_list":["post-148","page","type-page","status-publish","has-post-thumbnail","hentry"],"_hostinger_reach_plugin_has_subscription_block":false,"_hostinger_reach_plugin_is_elementor":false,"_links":{"self":[{"href":"https:\/\/boroomimmobilier.com\/fr\/wp-json\/wp\/v2\/pages\/148","targetHints":{"allow":["GET"]}}],"collection":[{"href":"https:\/\/boroomimmobilier.com\/fr\/wp-json\/wp\/v2\/pages"}],"about":[{"href":"https:\/\/boroomimmobilier.com\/fr\/wp-json\/wp\/v2\/types\/page"}],"author":[{"embeddable":true,"href":"https:\/\/boroomimmobilier.com\/fr\/wp-json\/wp\/v2\/users\/1"}],"replies":[{"embeddable":true,"href":"https:\/\/boroomimmobilier.com\/fr\/wp-json\/wp\/v2\/comments?post=148"}],"version-history":[{"count":4,"href":"https:\/\/boroomimmobilier.com\/fr\/wp-json\/wp\/v2\/pages\/148\/revisions"}],"predecessor-version":[{"id":167,"href":"https:\/\/boroomimmobilier.com\/fr\/wp-json\/wp\/v2\/pages\/148\/revisions\/167"}],"wp:featuredmedia":[{"embeddable":true,"href":"https:\/\/boroomimmobilier.com\/fr\/wp-json\/wp\/v2\/media\/17"}],"wp:attachment":[{"href":"https:\/\/boroomimmobilier.com\/fr\/wp-json\/wp\/v2\/media?parent=148"}],"curies":[{"name":"wp","href":"https:\/\/api.w.org\/{rel}","templated":true}]}}